{"id":9059,"date":"2023-06-07T17:19:28","date_gmt":"2023-06-07T13:19:28","guid":{"rendered":"https:\/\/karchershop.az\/?post_type=product&#038;p=9059"},"modified":"2026-05-01T21:35:55","modified_gmt":"2026-05-01T17:35:55","slug":"wd-3-v-17-4-20","status":"publish","type":"product","link":"https:\/\/karchershop.az\/az\/home-garden\/hozyajstvennye-pylesosy\/hozyajstvenny-pylesos\/wd-3-v-17-4-20","title":{"rendered":"WD 3 V-15\/4\/20"},"content":{"rendered":"<p>Enerji bax\u0131m\u0131ndan s\u0259m\u0259r\u0259li olan **WD 3 V-15\/4\/20** tozsoran\u0131 c\u0259mi 1000 Vt g\u00fcc s\u0259rf etm\u0259kl\u0259 y\u00fcks\u0259k sorucu g\u00fcc yarad\u0131r. O, sorucu \u015flanq v\u0259 i\u00e7likl\u0259rl\u0259 t\u0259chiz olunmu\u015f d\u00f6\u015f\u0259m\u0259 ba\u015fl\u0131\u011f\u0131 il\u0259 optimal uy\u011funluq t\u0259\u015fkil edir ki, bu da h\u0259m quru, h\u0259m d\u0259 ya\u015f, iri v\u0259 x\u0131rda tullant\u0131lar\u0131n effektiv \u015f\u0259kild\u0259 toplanmas\u0131na imkan verir.\n\nKompaktl\u0131\u011f\u0131 il\u0259 se\u00e7il\u0259n bu t\u0259s\u0259rr\u00fcfat tozsoran\u0131 m\u00f6hk\u0259m 15 litrlik plastik tullant\u0131 qab\u0131, 4 metrlik kabel, 2 metrlik sorucu \u015flanq v\u0259 toxunmam\u0131\u015f materialdan haz\u0131rlanm\u0131\u015f filtr-torba il\u0259 t\u0259chiz olunub. \u00c7\u0131xar\u0131lmayan patron filtr say\u0259sind\u0259 filtr d\u0259yi\u015fm\u0259d\u0259n quru v\u0259 ya\u015f t\u0259mizl\u0259m\u0259 rejiml\u0259ri aras\u0131nda asanl\u0131qla ke\u00e7id m\u00fcmk\u00fcnd\u00fcr.\n\n\u00dcf\u00fcrm\u0259 funksiyas\u0131 \u00e7\u0259tin \u0259l\u00e7atan yerl\u0259rin t\u0259mizl\u0259nm\u0259sini xeyli asanla\u015fd\u0131r\u0131r. Cihaz\u0131n \u015flanq\u0131 m\u00fch\u0259rrik hiss\u0259sin\u0259 as\u0131l\u0131r, kabel x\u00fcsusi qarma\u011fa dolan\u0131r, uzad\u0131c\u0131 borular v\u0259 d\u00f6\u015f\u0259m\u0259 ba\u015fl\u0131\u011f\u0131 is\u0259 aparat\u0131n bufer hiss\u0259sind\u0259 yerl\u0259\u015fdirilir \u2013 bu da kompakt saxlama \u00fc\u00e7\u00fcn \u00e7ox \u0259lveri\u015flidir.\n\n**Pull &amp; Push** kilidl\u0259m\u0259 sistemi tullant\u0131 qab\u0131n\u0131n asanl\u0131qla \u00e7\u0131xar\u0131l\u0131b-tax\u0131lmas\u0131n\u0131 t\u0259min edir. Sorucu \u015flanqdan tutacaq \u00e7\u0131xar\u0131laraq ba\u015fl\u0131qlar birba\u015fa \u015flanqa tax\u0131la bil\u0259r. M\u00fch\u0259rrik hiss\u0259sinin d\u00fcz s\u0259thi is\u0259 al\u0259t v\u0259 x\u0131rda detallar\u0131 (m\u0259s\u0259l\u0259n, vintl\u0259ri) saxlamaq \u00fc\u00e7\u00fcn n\u0259z\u0259rd\u0259 tutulub. Da\u015f\u0131ma \u00fc\u00e7\u00fcn erqonomik formada haz\u0131rlanm\u0131\u015f tutacaq maksimum rahatl\u0131q t\u0259min edir.<\/p>","protected":false},"excerpt":{"rendered":"<p>Bir cihaz \u2013 \u00e7oxsayl\u0131 \u00fcst\u00fcnl\u00fckl\u0259r: **WD 3 V-15\/4\/20 tozsoran\u0131** 15 litrlik plastik tullant\u0131 qab\u0131, \u00e7\u0131xar\u0131lmayan patron filtr, 4 metrlik kabel v\u0259 2 metrlik sorucu \u015flanqla t\u0259chiz olunub. Bu model \u00e7ox y\u00fcks\u0259k sorucu g\u00fcc\u0259 malikdir.<\/p>","protected":false},"featured_media":9070,"comment_status":"open","ping_status":"closed","template":"","meta":[],"product_cat":[15,553,90],"product_tag":[],"class_list":{"0":"post-9059","1":"product","2":"type-product","3":"status-publish","4":"has-post-thumbnail","6":"product_cat-home-garden","7":"product_cat-hozyajstvennye-pylesosy","8":"product_cat-hozyajstvenny-pylesos","10":"first","11":"instock","12":"shipping-taxable","13":"purchasable","14":"product-type-simple"},"_links":{"self":[{"href":"https:\/\/karchershop.az\/az\/wp-json\/wp\/v2\/product\/9059","targetHints":{"allow":["GET"]}}],"collection":[{"href":"https:\/\/karchershop.az\/az\/wp-json\/wp\/v2\/product"}],"about":[{"href":"https:\/\/karchershop.az\/az\/wp-json\/wp\/v2\/types\/product"}],"replies":[{"embeddable":true,"href":"https:\/\/karchershop.az\/az\/wp-json\/wp\/v2\/comments?post=9059"}],"wp:featuredmedia":[{"embeddable":true,"href":"https:\/\/karchershop.az\/az\/wp-json\/wp\/v2\/media\/9070"}],"wp:attachment":[{"href":"https:\/\/karchershop.az\/az\/wp-json\/wp\/v2\/media?parent=9059"}],"wp:term":[{"taxonomy":"product_cat","embeddable":true,"href":"https:\/\/karchershop.az\/az\/wp-json\/wp\/v2\/product_cat?post=9059"},{"taxonomy":"product_tag","embeddable":true,"href":"https:\/\/karchershop.az\/az\/wp-json\/wp\/v2\/product_tag?post=9059"}],"curies":[{"name":"wp","href":"https:\/\/api.w.org\/{rel}","templated":true}]}}