{"id":912,"date":"2020-04-28T16:00:42","date_gmt":"2020-04-28T12:00:42","guid":{"rendered":"https:\/\/karchershop.az\/?post_type=product&#038;p=912"},"modified":"2026-05-01T21:35:15","modified_gmt":"2026-05-01T17:35:15","slug":"filtr-hepa-13-dlya-ds","status":"publish","type":"product","link":"https:\/\/karchershop.az\/az\/home-garden\/aksessuary\/aksessuary-dlya-pylesososov\/filtr-hepa-13-dlya-ds","title":{"rendered":"Filter HEPA 13 DS"},"content":{"rendered":"<p>HEPA 13 filtri, 0.3 mikrondan b\u00f6y\u00fck olan toz hiss\u0259cikl\u0259rinin 99.99% -ni tutur v\u0259 yaln\u0131z t\u0259miz havan\u0131 burax\u0131r. Polenin havas\u0131n\u0131, g\u00f6b\u0259l\u0259kl\u0259rd\u0259n, bakteriyalar\u0131n v\u0259 toz qal\u0131qlar\u0131ndan havas\u0131n\u0131 t\u0259mizl\u0259yir.<\/p>","protected":false},"excerpt":{"rendered":"<p>HEPA 13 filtri, 0.3 mikrondan b\u00f6y\u00fck olan toz hiss\u0259cikl\u0259rinin 99.99% -ni tutur v\u0259 yaln\u0131z t\u0259miz havan\u0131 burax\u0131r. Polenin havas\u0131n\u0131, g\u00f6b\u0259l\u0259kl\u0259rd\u0259n, bakteriyalar\u0131n v\u0259 toz qal\u0131qlar\u0131ndan havas\u0131n\u0131 t\u0259mizl\u0259yir.<\/p>","protected":false},"featured_media":913,"comment_status":"open","ping_status":"closed","template":"","meta":[],"product_cat":[15,569],"product_tag":[264],"class_list":{"0":"post-912","1":"product","2":"type-product","3":"status-publish","4":"has-post-thumbnail","6":"product_cat-home-garden","7":"product_cat-aksessuary-dlya-pylesososov","8":"product_tag-pylesosy-s-akvafiltrom","10":"first","11":"instock","12":"shipping-taxable","13":"purchasable","14":"product-type-simple"},"_links":{"self":[{"href":"https:\/\/karchershop.az\/az\/wp-json\/wp\/v2\/product\/912","targetHints":{"allow":["GET"]}}],"collection":[{"href":"https:\/\/karchershop.az\/az\/wp-json\/wp\/v2\/product"}],"about":[{"href":"https:\/\/karchershop.az\/az\/wp-json\/wp\/v2\/types\/product"}],"replies":[{"embeddable":true,"href":"https:\/\/karchershop.az\/az\/wp-json\/wp\/v2\/comments?post=912"}],"wp:featuredmedia":[{"embeddable":true,"href":"https:\/\/karchershop.az\/az\/wp-json\/wp\/v2\/media\/913"}],"wp:attachment":[{"href":"https:\/\/karchershop.az\/az\/wp-json\/wp\/v2\/media?parent=912"}],"wp:term":[{"taxonomy":"product_cat","embeddable":true,"href":"https:\/\/karchershop.az\/az\/wp-json\/wp\/v2\/product_cat?post=912"},{"taxonomy":"product_tag","embeddable":true,"href":"https:\/\/karchershop.az\/az\/wp-json\/wp\/v2\/product_tag?post=912"}],"curies":[{"name":"wp","href":"https:\/\/api.w.org\/{rel}","templated":true}]}}