{"id":914,"date":"2020-04-28T16:02:52","date_gmt":"2020-04-28T12:02:52","guid":{"rendered":"https:\/\/karchershop.az\/?post_type=product&#038;p=914"},"modified":"2026-05-01T21:35:16","modified_gmt":"2026-05-01T17:35:16","slug":"ploskij-skladchastij-filtr-dlya-ds","status":"publish","type":"product","link":"https:\/\/karchershop.az\/az\/home-garden\/aksessuary\/aksessuary-dlya-pylesososov\/ploskij-skladchastij-filtr-dlya-ds","title":{"rendered":"DS \u00fc\u00e7\u00fcn d\u00fcz \u00f6rt\u00fckl\u00fc filtr"},"content":{"rendered":"<p>Yuyula bil\u0259n ara filtr, n\u0259m havada olan toz v\u0259 allergen hiss\u0259cikl\u0259ri kimi \u0259n ki\u00e7ik hiss\u0259cikl\u0259ri t\u0259l\u0259y\u0259 sal\u0131r v\u0259 tozsoran filtrini sudan qoruyur. S\u00fczg\u0259c axan su alt\u0131nda yax\u015f\u0131 yuyulur. Sonra bir radiatorda qurudun.<\/p>","protected":false},"excerpt":{"rendered":"<p>Yuyula bil\u0259n ara filtr, qat\u0131la\u015fd\u0131r\u0131lm\u0131\u015f n\u0259mli havada as\u0131lm\u0131\u015f olan \u0259n ki\u00e7ik hiss\u0259cikl\u0259ri t\u0259l\u0259y\u0259 sal\u0131r.<\/p>","protected":false},"featured_media":915,"comment_status":"open","ping_status":"closed","template":"","meta":[],"product_cat":[15,569],"product_tag":[264],"class_list":{"0":"post-914","1":"product","2":"type-product","3":"status-publish","4":"has-post-thumbnail","6":"product_cat-home-garden","7":"product_cat-aksessuary-dlya-pylesososov","8":"product_tag-pylesosy-s-akvafiltrom","10":"first","11":"instock","12":"shipping-taxable","13":"purchasable","14":"product-type-simple"},"_links":{"self":[{"href":"https:\/\/karchershop.az\/az\/wp-json\/wp\/v2\/product\/914","targetHints":{"allow":["GET"]}}],"collection":[{"href":"https:\/\/karchershop.az\/az\/wp-json\/wp\/v2\/product"}],"about":[{"href":"https:\/\/karchershop.az\/az\/wp-json\/wp\/v2\/types\/product"}],"replies":[{"embeddable":true,"href":"https:\/\/karchershop.az\/az\/wp-json\/wp\/v2\/comments?post=914"}],"wp:featuredmedia":[{"embeddable":true,"href":"https:\/\/karchershop.az\/az\/wp-json\/wp\/v2\/media\/915"}],"wp:attachment":[{"href":"https:\/\/karchershop.az\/az\/wp-json\/wp\/v2\/media?parent=914"}],"wp:term":[{"taxonomy":"product_cat","embeddable":true,"href":"https:\/\/karchershop.az\/az\/wp-json\/wp\/v2\/product_cat?post=914"},{"taxonomy":"product_tag","embeddable":true,"href":"https:\/\/karchershop.az\/az\/wp-json\/wp\/v2\/product_tag?post=914"}],"curies":[{"name":"wp","href":"https:\/\/api.w.org\/{rel}","templated":true}]}}