{"id":960,"date":"2020-04-28T16:52:26","date_gmt":"2020-04-28T12:52:26","guid":{"rendered":"https:\/\/karchershop.az\/?post_type=product&#038;p=960"},"modified":"2026-05-01T21:35:16","modified_gmt":"2026-05-01T17:35:16","slug":"poroshkovoe-chistyashhee-sredstvo-carpetpro-icapsol-rm-760-oa","status":"publish","type":"product","link":"https:\/\/karchershop.az\/az\/home-garden\/moyushhie-sredstva-karcher\/poroshkovoe-chistyashhee-sredstvo-carpetpro-icapsol-rm-760-oa","title":{"rendered":"CarpetPro iCapsol RM 760 OA Toz t\u0259mizl\u0259yici madd\u0259"},"content":{"rendered":"","protected":false},"excerpt":{"rendered":"<p>Yuyucu tozsoranlar\u0131 yumaq \u00fc\u00e7\u00fcn y\u00fcks\u0259k effektiv toz t\u0259mizl\u0259yicisi, iCapsol encapsulation texnologiyas\u0131na \u0259saslanan v\u0259 qoxular\u0131 aradan qald\u0131ran bir t\u0259rkib hiss\u0259sidir. Son anda durulama t\u0259l\u0259b etmir.<\/p>","protected":false},"featured_media":967,"comment_status":"open","ping_status":"closed","template":"","meta":[],"product_cat":[15,186],"product_tag":[262],"class_list":{"0":"post-960","1":"product","2":"type-product","3":"status-publish","4":"has-post-thumbnail","6":"product_cat-home-garden","7":"product_cat-moyushhie-sredstva-karcher","8":"product_tag-moyushhie-pylesosy","10":"first","11":"instock","12":"shipping-taxable","13":"purchasable","14":"product-type-simple"},"_links":{"self":[{"href":"https:\/\/karchershop.az\/az\/wp-json\/wp\/v2\/product\/960","targetHints":{"allow":["GET"]}}],"collection":[{"href":"https:\/\/karchershop.az\/az\/wp-json\/wp\/v2\/product"}],"about":[{"href":"https:\/\/karchershop.az\/az\/wp-json\/wp\/v2\/types\/product"}],"replies":[{"embeddable":true,"href":"https:\/\/karchershop.az\/az\/wp-json\/wp\/v2\/comments?post=960"}],"wp:featuredmedia":[{"embeddable":true,"href":"https:\/\/karchershop.az\/az\/wp-json\/wp\/v2\/media\/967"}],"wp:attachment":[{"href":"https:\/\/karchershop.az\/az\/wp-json\/wp\/v2\/media?parent=960"}],"wp:term":[{"taxonomy":"product_cat","embeddable":true,"href":"https:\/\/karchershop.az\/az\/wp-json\/wp\/v2\/product_cat?post=960"},{"taxonomy":"product_tag","embeddable":true,"href":"https:\/\/karchershop.az\/az\/wp-json\/wp\/v2\/product_tag?post=960"}],"curies":[{"name":"wp","href":"https:\/\/api.w.org\/{rel}","templated":true}]}}