{"id":9651,"date":"2023-07-24T09:35:23","date_gmt":"2023-07-24T05:35:23","guid":{"rendered":"https:\/\/karchershop.az\/?post_type=product&#038;p=9651"},"modified":"2026-05-01T21:35:57","modified_gmt":"2026-05-01T17:35:57","slug":"k-5-basic-car","status":"publish","type":"product","link":"https:\/\/karchershop.az\/az\/home-garden\/mojki-vysokogo-davleniya\/k-5-basic-car","title":{"rendered":"K 5 BASIC CAR"},"content":{"rendered":"<p>K 5 Basic, 145 bar t\u0259zyiqli avadanl\u0131q, orta miqdarda \u00e7irkl\u0259ri t\u0259mizl\u0259m\u0259k \u00fc\u00e7\u00fcn n\u0259z\u0259rd\u0259 tutulmu\u015fdur, velosipedl\u0259ri v\u0259 avtomobill\u0259ri, el\u0259c\u0259 d\u0259 da\u015f divarlar\u0131 t\u0259mizl\u0259yir. Soyuq su il\u0259 soyudulmu\u015f elektrik m\u00fch\u0259rriki il\u0259 t\u0259chiz edilmi\u015f cihaz\u0131n komplektin\u0259 Quick Conect \u00fcsuli il\u0259 qura\u015fd\u0131r\u0131la bil\u0259n tapan\u00e7a v\u0259\u00a0<span class=\"fix-spelling\">Quick Connect<\/span>\u00a08 metr\u0259lik y\u00fcks\u0259k t\u0259zyiqli xortum, el\u0259c\u0259 d\u0259 h\u0259ssas s\u0259thl\u0259rin z\u0259rif t\u0259mizl\u0259nm\u0259si \u00fc\u00e7\u00fcn t\u0259zyiqi t\u0259nziml\u0259m\u0259y\u0259 imkan ver\u0259n Vario Power t\u0259zyiq ba\u015fl\u0131\u011f\u0131, inadkar \u00e7irkl\u0259ri t\u0259mizl\u0259m\u0259k \u00fc\u00e7\u00fcn g\u00fccl\u00fc f\u0131rlanan t\u0259zyiqli pal\u00e7\u0131q k\u0259sici ba\u015fl\u0131q daxildir. Pompan\u0131 qorumaq \u00fc\u00e7\u00fcn is\u0259 daxili su filtiri il\u0259 t\u0259min olunub.<\/p>","protected":false},"excerpt":{"rendered":"<p>Su il\u0259 soyudulan m\u00fch\u0259rrik\u0259 malik K 5 Basic y\u00fcks\u0259k t\u0259zyiqli yuyucu iri \u00f6l\u00e7\u00fcl\u00fc avtomobill\u0259rin, da\u015f divarlar\u0131n v\u0259 velosipedl\u0259rin orta d\u0259r\u0259c\u0259d\u0259 \u00e7irkl\u0259nm\u0259sinin vaxta\u015f\u0131r\u0131 t\u0259mizl\u0259nm\u0259si \u00fc\u00e7\u00fcn uy\u011fundur.<\/p>","protected":false},"featured_media":11892,"comment_status":"open","ping_status":"closed","template":"","meta":[],"product_cat":[20,15],"product_tag":[],"class_list":{"0":"post-9651","1":"product","2":"type-product","3":"status-publish","4":"has-post-thumbnail","6":"product_cat-mojki-vysokogo-davleniya","7":"product_cat-home-garden","9":"first","10":"outofstock","11":"shipping-taxable","12":"purchasable","13":"product-type-simple"},"_links":{"self":[{"href":"https:\/\/karchershop.az\/az\/wp-json\/wp\/v2\/product\/9651","targetHints":{"allow":["GET"]}}],"collection":[{"href":"https:\/\/karchershop.az\/az\/wp-json\/wp\/v2\/product"}],"about":[{"href":"https:\/\/karchershop.az\/az\/wp-json\/wp\/v2\/types\/product"}],"replies":[{"embeddable":true,"href":"https:\/\/karchershop.az\/az\/wp-json\/wp\/v2\/comments?post=9651"}],"wp:featuredmedia":[{"embeddable":true,"href":"https:\/\/karchershop.az\/az\/wp-json\/wp\/v2\/media\/11892"}],"wp:attachment":[{"href":"https:\/\/karchershop.az\/az\/wp-json\/wp\/v2\/media?parent=9651"}],"wp:term":[{"taxonomy":"product_cat","embeddable":true,"href":"https:\/\/karchershop.az\/az\/wp-json\/wp\/v2\/product_cat?post=9651"},{"taxonomy":"product_tag","embeddable":true,"href":"https:\/\/karchershop.az\/az\/wp-json\/wp\/v2\/product_tag?post=9651"}],"curies":[{"name":"wp","href":"https:\/\/api.w.org\/{rel}","templated":true}]}}