{"id":974,"date":"2020-04-29T10:34:40","date_gmt":"2020-04-29T06:34:40","guid":{"rendered":"https:\/\/karchershop.az\/?post_type=product&#038;p=974"},"modified":"2026-05-01T21:35:17","modified_gmt":"2026-05-01T17:35:17","slug":"kb-5","status":"publish","type":"product","link":"https:\/\/karchershop.az\/az\/home-garden\/elektrovenik\/kb-5","title":{"rendered":"Elektrik s\u00fcp\u00fcrg\u0259 KB 5"},"content":{"rendered":"<p>Elektrik s\u00fcp\u00fcrg\u0259 KB 5 s\u0259rt s\u0259thl\u0259rd\u0259 v\u0259 ya xal\u00e7alarda s\u00fcr\u0259tli v\u0259 s\u0259m\u0259r\u0259li aral\u0131q t\u0259mizliyi? Bu i\u015fi Karcher-d\u0259n batareya il\u0259 i\u015fl\u0259y\u0259n KB 5 elektrik s\u00fcp\u00fcrg\u0259sin\u0259 burax\u0131n. Elektrikli s\u00fcp\u00fcrg\u0259 litium-ion batareyas\u0131 il\u0259 idar\u0259 olunur, bu da onu rahatl\u0131qla istifad\u0259 etm\u0259y\u0259 imkan verir. \u00c7evik  istifad\u0259d\u0259 \u0259lav\u0259 bir \u00fcst\u00fcnl\u00fck verir. S\u00fcp\u00fcrm\u0259 divarlar\u0131n, l\u00f6vh\u0259l\u0259rin k\u0259narlar\u0131na yax\u0131n bir \u015f\u0259kild\u0259 apar\u0131l\u0131r v\u0259 yaln\u0131z mebelin alt\u0131na v\u0259 ya aras\u0131na zibil y\u0131\u011fmaq \u00fc\u00e7\u00fcn s\u00fcp\u00fcrg\u0259 istifad\u0259 edin. Elektrikli s\u00fcp\u00fcrg\u0259 avtomatik olaraq a\u00e7\u0131l\u0131r v\u0259 s\u00f6n\u00fcr, zibil konteyneri yan t\u0259r\u0259fd\u0259n \u00e7\u0131xar\u0131l\u0131r, universal f\u0131r\u00e7a asanl\u0131qla \u00e7\u0131xar\u0131l\u0131r. Bu s\u00fcp\u00fcrg\u0259nin saxlanmas\u0131 problem yaratmayacaq, \u00e7\u00fcnki \u00f6l\u00e7\u00fcl\u0259r h\u0259qiq\u0259t\u0259n y\u0131\u011fcamd\u0131r.<\/p>","protected":false},"excerpt":{"rendered":"<p>Elektrik s\u00fcp\u00fcrg\u0259 KB 5 h\u0259r hans\u0131 bir elektrik s\u00fcp\u00fcrg\u0259sind\u0259n daha s\u00fcr\u0259tli istifad\u0259 etm\u0259y\u0259 haz\u0131rs\u0131n\u0131z: aral\u0131q t\u0259mizlik \u00fc\u00e7\u00fcn KB 5 \u015farj olunan elektrik s\u00fcp\u00fcrg\u0259si. Ki\u00e7ik \u0259razil\u0259rd\u0259 inan\u0131lmaz t\u0259mizlikl\u0259 n\u0259tic\u0259l\u0259nir.<\/p>","protected":false},"featured_media":975,"comment_status":"open","ping_status":"closed","template":"","meta":[],"product_cat":[15,178],"product_tag":[268],"class_list":{"0":"post-974","1":"product","2":"type-product","3":"status-publish","4":"has-post-thumbnail","6":"product_cat-home-garden","7":"product_cat-elektrovenik","8":"product_tag-elektrovenik","10":"first","11":"outofstock","12":"shipping-taxable","13":"purchasable","14":"product-type-simple"},"_links":{"self":[{"href":"https:\/\/karchershop.az\/az\/wp-json\/wp\/v2\/product\/974","targetHints":{"allow":["GET"]}}],"collection":[{"href":"https:\/\/karchershop.az\/az\/wp-json\/wp\/v2\/product"}],"about":[{"href":"https:\/\/karchershop.az\/az\/wp-json\/wp\/v2\/types\/product"}],"replies":[{"embeddable":true,"href":"https:\/\/karchershop.az\/az\/wp-json\/wp\/v2\/comments?post=974"}],"wp:featuredmedia":[{"embeddable":true,"href":"https:\/\/karchershop.az\/az\/wp-json\/wp\/v2\/media\/975"}],"wp:attachment":[{"href":"https:\/\/karchershop.az\/az\/wp-json\/wp\/v2\/media?parent=974"}],"wp:term":[{"taxonomy":"product_cat","embeddable":true,"href":"https:\/\/karchershop.az\/az\/wp-json\/wp\/v2\/product_cat?post=974"},{"taxonomy":"product_tag","embeddable":true,"href":"https:\/\/karchershop.az\/az\/wp-json\/wp\/v2\/product_tag?post=974"}],"curies":[{"name":"wp","href":"https:\/\/api.w.org\/{rel}","templated":true}]}}