{"id":989,"date":"2020-04-29T10:41:06","date_gmt":"2020-04-29T06:41:06","guid":{"rendered":"https:\/\/karchershop.az\/?post_type=product&#038;p=989"},"modified":"2026-05-01T21:35:17","modified_gmt":"2026-05-01T17:35:17","slug":"kb-5-premium","status":"publish","type":"product","link":"https:\/\/karchershop.az\/az\/home-garden\/elektrovenik\/kb-5-premium","title":{"rendered":"KB 5 Premium"},"content":{"rendered":"<p>A\u011f KB 5 simsiz elektrik s\u00fcp\u00fcrg\u0259si s\u0259rt d\u00f6\u015f\u0259m\u0259l\u0259rin v\u0259 xal\u00e7alar\u0131n ara t\u0259mizl\u0259nm\u0259si \u00fc\u00e7\u00fcn ideald\u0131r. Cihaz lityum-ion batareyas\u0131 il\u0259 t\u0259chiz olunmu\u015fdur, y\u0131\u011fcamd\u0131r v\u0259 uy\u011funla\u015fma t\u0259mizl\u0259yici sistem (K\u00e4rcher Adaptive Cleaning System) say\u0259sind\u0259 \u0259la t\u0259mizlik n\u0259tic\u0259l\u0259ri t\u0259min edir. Universal bir f\u0131r\u00e7a olan y\u00fcng\u00fcl v\u0259 y\u0131\u011fcam simsiz elektrikli s\u00fcp\u00fcrg\u0259 g\u00f6r\u00fcn\u0259n zibill\u0259ri tamamil\u0259 aradan qald\u0131r\u0131r v\u0259 tozsoranla m\u00fcqayis\u0259d\u0259 h\u0259mi\u015f\u0259 istifad\u0259y\u0259 haz\u0131rd\u0131r. C\u00fct ment\u0259\u015f\u0259 say\u0259sind\u0259, stullar, mebel alt\u0131nda, pill\u0259k\u0259nl\u0259rd\u0259 v\u0259 k\u0259narlarda asanl\u0131qla manevr ed\u0259 bil\u0259r. \u00dcst\u0259lik, elektrik s\u00fcp\u00fcrg\u0259si bir rozetkaya ba\u011flanmadan t\u0259mizl\u0259nm\u0259y\u0259 imkan verir, a\u00e7ma \/ s\u00f6nd\u00fcrm\u0259 d\u00fcym\u0259si qolun \u00fcz\u0259rind\u0259 yerl\u0259\u015fir v\u0259 zibil konteyneri yan t\u0259r\u0259fd\u0259n asanl\u0131qla \u00e7\u0131xar\u0131la bil\u0259r.<\/p>","protected":false},"excerpt":{"rendered":"<p>S\u0259m\u0259r\u0259li aral\u0131q t\u0259mizliyi \u00fc\u00e7\u00fcn: a\u011f r\u0259ngli KB 5 simsiz elektrik s\u00fcp\u00fcrg\u0259si tozsoranla m\u00fcqayis\u0259d\u0259 h\u0259r zaman istifad\u0259y\u0259 haz\u0131rd\u0131r v\u0259 ki\u00e7ik bir sah\u0259 \u00fc\u00e7\u00fcn \u0259la t\u0259mizl\u0259nm\u0259 n\u0259tic\u0259sin\u0259 z\u0259man\u0259t verir.<\/p>","protected":false},"featured_media":999,"comment_status":"open","ping_status":"closed","template":"","meta":[],"product_cat":[15,178],"product_tag":[268],"class_list":{"0":"post-989","1":"product","2":"type-product","3":"status-publish","4":"has-post-thumbnail","6":"product_cat-home-garden","7":"product_cat-elektrovenik","8":"product_tag-elektrovenik","10":"first","11":"outofstock","12":"shipping-taxable","13":"purchasable","14":"product-type-simple"},"_links":{"self":[{"href":"https:\/\/karchershop.az\/az\/wp-json\/wp\/v2\/product\/989","targetHints":{"allow":["GET"]}}],"collection":[{"href":"https:\/\/karchershop.az\/az\/wp-json\/wp\/v2\/product"}],"about":[{"href":"https:\/\/karchershop.az\/az\/wp-json\/wp\/v2\/types\/product"}],"replies":[{"embeddable":true,"href":"https:\/\/karchershop.az\/az\/wp-json\/wp\/v2\/comments?post=989"}],"wp:featuredmedia":[{"embeddable":true,"href":"https:\/\/karchershop.az\/az\/wp-json\/wp\/v2\/media\/999"}],"wp:attachment":[{"href":"https:\/\/karchershop.az\/az\/wp-json\/wp\/v2\/media?parent=989"}],"wp:term":[{"taxonomy":"product_cat","embeddable":true,"href":"https:\/\/karchershop.az\/az\/wp-json\/wp\/v2\/product_cat?post=989"},{"taxonomy":"product_tag","embeddable":true,"href":"https:\/\/karchershop.az\/az\/wp-json\/wp\/v2\/product_tag?post=989"}],"curies":[{"name":"wp","href":"https:\/\/api.w.org\/{rel}","templated":true}]}}